{"id":166,"date":"2026-03-16T16:33:17","date_gmt":"2026-03-16T19:33:17","guid":{"rendered":"https:\/\/choicest.com.br\/?page_id=166"},"modified":"2026-03-20T10:58:15","modified_gmt":"2026-03-20T13:58:15","slug":"para-sua-carreira","status":"publish","type":"page","link":"https:\/\/choicest.com.br\/index.php\/para-sua-carreira\/","title":{"rendered":"Para sua carreira"},"content":{"rendered":"\n<style type=\"text\/css\" data-created_by=\"avia_inline_auto\" id=\"style-css-av-85vlq-482988577a92114c2dd6e4393b013d8a\">\n#top .hr.hr-invisible.av-85vlq-482988577a92114c2dd6e4393b013d8a{\nheight:80px;\n}\n<\/style>\n<div  class='hr av-85vlq-482988577a92114c2dd6e4393b013d8a hr-invisible  avia-builder-el-0  el_before_av_one_half  avia-builder-el-first '><span class='hr-inner '><span class=\"hr-inner-style\"><\/span><\/span><\/div>\n<div class='flex_column_table av-mmtkzkvf-20d1cfaeb1346f283cfb49481204ade8 sc-av_one_half av-equal-height-column-flextable'><div  class='flex_column av-mmtkzkvf-20d1cfaeb1346f283cfb49481204ade8 av_one_half  avia-builder-el-1  el_after_av_hr  el_before_av_one_half  first flex_column_table_cell av-equal-height-column av-align-middle av-animated-generic fade-in  '     ><p>\n<style type=\"text\/css\" data-created_by=\"avia_inline_auto\" id=\"style-css-av-24sase-5e54d3bb30748d6c6d53aac116df25a6\">\n#top .av-special-heading.av-24sase-5e54d3bb30748d6c6d53aac116df25a6{\npadding-bottom:10px;\nfont-size:40px;\n}\nbody .av-special-heading.av-24sase-5e54d3bb30748d6c6d53aac116df25a6 .av-special-heading-tag .heading-char{\nfont-size:25px;\n}\n#top #wrap_all .av-special-heading.av-24sase-5e54d3bb30748d6c6d53aac116df25a6 .av-special-heading-tag{\nfont-size:40px;\n}\n.av-special-heading.av-24sase-5e54d3bb30748d6c6d53aac116df25a6 .av-subheading{\nfont-size:25px;\n}\n\n@media only screen and (min-width: 480px) and (max-width: 767px){ \n#top #wrap_all .av-special-heading.av-24sase-5e54d3bb30748d6c6d53aac116df25a6 .av-special-heading-tag{\nfont-size:0.8em;\n}\n}\n\n@media only screen and (max-width: 479px){ \n#top #wrap_all .av-special-heading.av-24sase-5e54d3bb30748d6c6d53aac116df25a6 .av-special-heading-tag{\nfont-size:0.8em;\n}\n}\n<\/style>\n<div  class='av-special-heading av-24sase-5e54d3bb30748d6c6d53aac116df25a6 av-special-heading-h3 blockquote modern-quote  avia-builder-el-2  el_before_av_textblock  avia-builder-el-first  av-inherit-size'><div class='av-subheading av-subheading_above'><p><font color=\"#1b77ff\">As melhores vagas est\u00e3o aqui.<\/font><\/p>\n<\/div><h3 class='av-special-heading-tag '  itemprop=\"headline\"  ><b><font color=\"#1f2458\">Encontre seu novo desafio profissional.<\/font><\/b><\/h3><div class=\"special-heading-border\"><div class=\"special-heading-inner-border\"><\/div><\/div><\/div><br \/>\n\n<style type=\"text\/css\" data-created_by=\"avia_inline_auto\" id=\"style-css-av-1w92lq-a894d357866d901ad549fa1bfd8d7333\">\n#top .av_textblock_section.av-1w92lq-a894d357866d901ad549fa1bfd8d7333 .avia_textblock{\nfont-size:16px;\ncolor:#1f2458;\n}\n<\/style>\n<section  class='av_textblock_section av-1w92lq-a894d357866d901ad549fa1bfd8d7333 '   itemscope=\"itemscope\" itemtype=\"https:\/\/schema.org\/CreativeWork\" ><div class='avia_textblock av_inherit_color'  itemprop=\"text\" ><p style=\"text-align: left;\">Seja visto por centenas de grandes empresas. Aqui empresas v\u00e3o at\u00e9 voc\u00ea,<br \/>\nbasta preencher o seu perfil uma \u00fanica vez e receba oportunidades de trabalho<br \/>\ncoerente com seu hist\u00f3rico profissional e interesses.<\/p>\n<\/div><\/section><br \/>\n<div  class='avia-button-wrap av-mmtl0zxj-1ae79f730f82d73db2b63a29b72c9cc5-wrap avia_animated_button av-animated-when-visible-95 fade-in-up avia-button-left  avia-builder-el-4  el_after_av_textblock  avia-builder-el-last '>\n<style type=\"text\/css\" data-created_by=\"avia_inline_auto\" id=\"style-css-av-mmtl0zxj-1ae79f730f82d73db2b63a29b72c9cc5\">\n#top #wrap_all .avia-button.av-mmtl0zxj-1ae79f730f82d73db2b63a29b72c9cc5{\nfont-size:20px;\nborder-radius:10px 10px 10px 10px;\ntransition:all 0.4s ease-in-out;\n}\n#top #wrap_all.avia-button.av-mmtl0zxj-1ae79f730f82d73db2b63a29b72c9cc5:hover .avia_button_background{\nborder-radius:10px 10px 10px 10px;\n}\n<\/style>\n<a href='http:\/\/wa.me\/5551989016601'  class='avia-button av-mmtl0zxj-1ae79f730f82d73db2b63a29b72c9cc5 av-link-btn avia-icon_select-no avia-size-medium avia-position-left avia-color-theme-color'  target=\"_blank\"  rel=\"noopener noreferrer\"  aria-label=\"Cadastre-se gr\u00e1tis\"><span class='avia_iconbox_title' >Cadastre-se gr\u00e1tis<\/span><\/a><\/div><\/p><\/div>\n<div class='av-flex-placeholder'><\/div><div  class='flex_column av-d21fa-294f52f8453e559c9bac3be3b06a68a1 av_one_half  avia-builder-el-5  el_after_av_one_half  el_before_av_hr  flex_column_table_cell av-equal-height-column av-align-middle av-animated-generic fade-in  '     ><style type=\"text\/css\" data-created_by=\"avia_inline_auto\" id=\"style-css-av-mmtlkoxq-d18bd9bff2b53846d41afdebfe8cda45\">\n.avia-image-container.av-mmtlkoxq-d18bd9bff2b53846d41afdebfe8cda45 img.avia_image{\nbox-shadow:none;\n}\n.avia-image-container.av-mmtlkoxq-d18bd9bff2b53846d41afdebfe8cda45 .av-image-caption-overlay-center{\ncolor:#ffffff;\n}\n<\/style>\n<div  class='avia-image-container av-mmtlkoxq-d18bd9bff2b53846d41afdebfe8cda45 av-styling- avia-align-center  avia-builder-el-6  avia-builder-el-no-sibling '   itemprop=\"image\" itemscope=\"itemscope\" itemtype=\"https:\/\/schema.org\/ImageObject\" ><div class=\"avia-image-container-inner\"><div class=\"avia-image-overlay-wrap\"><img decoding=\"async\" fetchpriority=\"high\" class='wp-image-184 avia-img-lazy-loading-not-184 avia_image ' src=\"https:\/\/choicest.com.br\/wp-content\/uploads\/2026\/03\/4546.png\" alt='' title='4546'  height=\"329\" width=\"444\"  itemprop=\"thumbnailUrl\" srcset=\"https:\/\/choicest.com.br\/wp-content\/uploads\/2026\/03\/4546.png 444w, https:\/\/choicest.com.br\/wp-content\/uploads\/2026\/03\/4546-300x222.png 300w\" sizes=\"(max-width: 444px) 100vw, 444px\" \/><\/div><\/div><\/div><\/div><\/div><!--close column table wrapper. Autoclose: 1 -->\n\n<style type=\"text\/css\" data-created_by=\"avia_inline_auto\" id=\"style-css-av-mmtloy8r-a25d73ab35a07a1147d7298ee47c0dd9\">\n#top .hr.hr-invisible.av-mmtloy8r-a25d73ab35a07a1147d7298ee47c0dd9{\nheight:50px;\n}\n<\/style>\n<div  class='hr av-mmtloy8r-a25d73ab35a07a1147d7298ee47c0dd9 hr-invisible  avia-builder-el-7  el_after_av_one_half  el_before_av_section  avia-builder-el-last '><span class='hr-inner '><span class=\"hr-inner-style\"><\/span><\/span><\/div>\n<\/div><\/div><\/div><!-- close content main div --><\/div><\/div><div id='paraempresas'  class='avia-section av-mmtlevkh-0cf5290e489a47a630025552e2c805a8 main_color avia-section-default avia-no-border-styling  avia-builder-el-8  el_after_av_hr  el_before_av_section  avia-bg-style-scroll container_wrap sidebar_right'  ><div class='container av-section-cont-open' ><div class='template-page content  av-content-small alpha units'><div class='post-entry post-entry-type-page post-entry-166'><div class='entry-content-wrapper clearfix'>\n<div class='flex_column_table av-mmtlifwy-a8bafe3a3683f94b680a8fcc00ffdc43 sc-av_one_fifth av-equal-height-column-flextable'>\n<style type=\"text\/css\" data-created_by=\"avia_inline_auto\" id=\"style-css-av-mmtlifwy-a8bafe3a3683f94b680a8fcc00ffdc43\">\n.flex_column.av-mmtlifwy-a8bafe3a3683f94b680a8fcc00ffdc43{\nwidth:18.4%;\nmargin-left:0;\n}\n#top .flex_column_table.av-equal-height-column-flextable.av-mmtlifwy-a8bafe3a3683f94b680a8fcc00ffdc43 .av-flex-placeholder{\nwidth:2%;\n}\n<\/style>\n<div  class='flex_column av-mmtlifwy-a8bafe3a3683f94b680a8fcc00ffdc43 av_one_fifth  avia-builder-el-9  el_before_av_three_fifth  avia-builder-el-first  first flex_column_table_cell av-equal-height-column av-align-middle  '     ><\/div><div class='av-flex-placeholder'><\/div>\n<style type=\"text\/css\" data-created_by=\"avia_inline_auto\" id=\"style-css-av-1ovj6u-fa748213d7f22057f7f0e63dfebc8940\">\n.flex_column.av-1ovj6u-fa748213d7f22057f7f0e63dfebc8940{\nwidth:59.2%;\nmargin-left:0;\n}\n#top .flex_column_table.av-equal-height-column-flextable.av-1ovj6u-fa748213d7f22057f7f0e63dfebc8940 .av-flex-placeholder{\nwidth:2%;\n}\n<\/style>\n<div  class='flex_column av-1ovj6u-fa748213d7f22057f7f0e63dfebc8940 av_three_fifth  avia-builder-el-10  el_after_av_one_fifth  el_before_av_one_fifth  flex_column_table_cell av-equal-height-column av-align-middle  '     ><p>\n<style type=\"text\/css\" data-created_by=\"avia_inline_auto\" id=\"style-css-av-mmtkx6xj-9823822da226a1d0815856e98c16882d\">\n#top .av-special-heading.av-mmtkx6xj-9823822da226a1d0815856e98c16882d{\npadding-bottom:10px;\nfont-size:40px;\n}\nbody .av-special-heading.av-mmtkx6xj-9823822da226a1d0815856e98c16882d .av-special-heading-tag .heading-char{\nfont-size:25px;\n}\n#top #wrap_all .av-special-heading.av-mmtkx6xj-9823822da226a1d0815856e98c16882d .av-special-heading-tag{\nfont-size:40px;\n}\n.av-special-heading.av-mmtkx6xj-9823822da226a1d0815856e98c16882d .av-subheading{\nfont-size:25px;\n}\n\n@media only screen and (min-width: 480px) and (max-width: 767px){ \n#top #wrap_all .av-special-heading.av-mmtkx6xj-9823822da226a1d0815856e98c16882d .av-special-heading-tag{\nfont-size:0.8em;\n}\n}\n\n@media only screen and (max-width: 479px){ \n#top #wrap_all .av-special-heading.av-mmtkx6xj-9823822da226a1d0815856e98c16882d .av-special-heading-tag{\nfont-size:0.8em;\n}\n}\n<\/style>\n<div  class='av-special-heading av-mmtkx6xj-9823822da226a1d0815856e98c16882d av-special-heading-h3 blockquote modern-quote modern-centered  avia-builder-el-11  el_before_av_textblock  avia-builder-el-first  av-inherit-size'><h3 class='av-special-heading-tag '  itemprop=\"headline\"  ><b><font color=\"#1f2458\">Simplificamos o processo seletivo para voc\u00ea ser encontrado mais r\u00e1pido.<\/font><\/b><\/h3><div class=\"special-heading-border\"><div class=\"special-heading-inner-border\"><\/div><\/div><\/div><br \/>\n\n<style type=\"text\/css\" data-created_by=\"avia_inline_auto\" id=\"style-css-av-mmtkz3ws-343b76d512f9b478e6781e138c0a3bc4\">\n#top .av_textblock_section.av-mmtkz3ws-343b76d512f9b478e6781e138c0a3bc4 .avia_textblock{\nfont-size:16px;\ncolor:#1f2458;\n}\n<\/style>\n<section  class='av_textblock_section av-mmtkz3ws-343b76d512f9b478e6781e138c0a3bc4 '   itemscope=\"itemscope\" itemtype=\"https:\/\/schema.org\/CreativeWork\" ><div class='avia_textblock av_inherit_color'  itemprop=\"text\" ><p style=\"text-align: center;\">As vagas encontram voc\u00ea, totalmente gratuito<br \/>\ne voc\u00ea ainda ganha um b\u00f4nus na contrata\u00e7\u00e3o.<\/p>\n<\/div><\/section><br \/>\n<div  class='avia-buttonrow-wrap av-mmtluj5e-3399195174ea262e3a49350be6e976e3 avia-buttonrow-center  avia-builder-el-13  el_after_av_textblock  avia-builder-el-last '>\n\n<style type=\"text\/css\" data-created_by=\"avia_inline_auto\" id=\"style-css-av-mmtlttpo-056ca28d1c0f282e9b7e667eff55b2a6\">\n#top #wrap_all .avia-button.av-mmtlttpo-056ca28d1c0f282e9b7e667eff55b2a6{\nfont-size:20px;\ntransition:all 0.4s ease-in-out;\nmargin-bottom:5px;\nmargin-right:3px;\nmargin-left:3px;\n}\n<\/style>\n<a href='http:\/\/wa.me\/5551989016601'  class='avia-button av-mmtlttpo-056ca28d1c0f282e9b7e667eff55b2a6 avia-icon_select-no avia-size-small avia-color-theme-color'  target=\"_blank\"  rel=\"noopener noreferrer\"  aria-label=\"All\"><span class='avia_iconbox_title' >All<\/span><\/a>\n\n<style type=\"text\/css\" data-created_by=\"avia_inline_auto\" id=\"style-css-av-mmtlttpo-16-487a7605fd5400866134b5706642f496\">\n#top #wrap_all .avia-button.av-mmtlttpo-16-487a7605fd5400866134b5706642f496{\nfont-size:20px;\ntransition:all 0.4s ease-in-out;\nmargin-bottom:5px;\nmargin-right:3px;\nmargin-left:3px;\n}\n<\/style>\n<a href='http:\/\/wa.me\/5551989016601'  class='avia-button av-mmtlttpo-16-487a7605fd5400866134b5706642f496 avia-icon_select-no avia-size-small avia-color-theme-color'  target=\"_blank\"  rel=\"noopener noreferrer\"  aria-label=\"Middle\"><span class='avia_iconbox_title' >Middle<\/span><\/a>\n\n<style type=\"text\/css\" data-created_by=\"avia_inline_auto\" id=\"style-css-av-mmtlttpo-15-b69f46b3c54ec32d46eb398ae7164252\">\n#top #wrap_all .avia-button.av-mmtlttpo-15-b69f46b3c54ec32d46eb398ae7164252{\nfont-size:20px;\ntransition:all 0.4s ease-in-out;\nmargin-bottom:5px;\nmargin-right:3px;\nmargin-left:3px;\n}\n<\/style>\n<a href='http:\/\/wa.me\/5551989016601'  class='avia-button av-mmtlttpo-15-b69f46b3c54ec32d46eb398ae7164252 avia-icon_select-no avia-size-small avia-color-theme-color'  target=\"_blank\"  rel=\"noopener noreferrer\"  aria-label=\"Executive\"><span class='avia_iconbox_title' >Executive<\/span><\/a>\n\n<style type=\"text\/css\" data-created_by=\"avia_inline_auto\" id=\"style-css-av-mmtlttpo-14-b7d67f657fd84b9eed9d6b821fe10044\">\n#top #wrap_all .avia-button.av-mmtlttpo-14-b7d67f657fd84b9eed9d6b821fe10044{\nfont-size:20px;\ntransition:all 0.4s ease-in-out;\nmargin-bottom:5px;\nmargin-right:3px;\nmargin-left:3px;\n}\n<\/style>\n<a href='http:\/\/wa.me\/5551989016601'  class='avia-button av-mmtlttpo-14-b7d67f657fd84b9eed9d6b821fe10044 avia-icon_select-no avia-size-small avia-color-theme-color'  target=\"_blank\"  rel=\"noopener noreferrer\"  aria-label=\"Tech\"><span class='avia_iconbox_title' >Tech<\/span><\/a>\n<\/div><\/p><\/div><div class='av-flex-placeholder'><\/div>\n<style type=\"text\/css\" data-created_by=\"avia_inline_auto\" id=\"style-css-av-1iq7li-818d0dfa045007d948ce6c40dad9738d\">\n.flex_column.av-1iq7li-818d0dfa045007d948ce6c40dad9738d{\nwidth:18.4%;\nmargin-left:0;\n}\n#top .flex_column_table.av-equal-height-column-flextable.av-1iq7li-818d0dfa045007d948ce6c40dad9738d .av-flex-placeholder{\nwidth:2%;\n}\n<\/style>\n<div  class='flex_column av-1iq7li-818d0dfa045007d948ce6c40dad9738d av_one_fifth  avia-builder-el-14  el_after_av_three_fifth  avia-builder-el-last  flex_column_table_cell av-equal-height-column av-align-middle  '     ><\/div><\/div><!--close column table wrapper. Autoclose: 1 --><\/div><\/div><\/div><!-- close content main div --><\/div><\/div><div id='paraempresas'  class='avia-section av-1dvri6-b1da039b626a587c0a465e957620324f main_color avia-section-default avia-no-border-styling  avia-builder-el-15  el_after_av_section  avia-builder-el-last  avia-bg-style-scroll container_wrap sidebar_right'  ><div class='container av-section-cont-open' ><div class='template-page content  av-content-small alpha units'><div class='post-entry post-entry-type-page post-entry-166'><div class='entry-content-wrapper clearfix'>\n<div class='flex_column_table av-1arfiu-f0d1c7f5384a2963dc2cfce818b969b5 sc-av_one_fifth av-equal-height-column-flextable'>\n<style type=\"text\/css\" data-created_by=\"avia_inline_auto\" id=\"style-css-av-1arfiu-f0d1c7f5384a2963dc2cfce818b969b5\">\n.flex_column.av-1arfiu-f0d1c7f5384a2963dc2cfce818b969b5{\nwidth:18.4%;\nmargin-left:0;\n}\n#top .flex_column_table.av-equal-height-column-flextable.av-1arfiu-f0d1c7f5384a2963dc2cfce818b969b5 .av-flex-placeholder{\nwidth:2%;\n}\n<\/style>\n<div  class='flex_column av-1arfiu-f0d1c7f5384a2963dc2cfce818b969b5 av_one_fifth  avia-builder-el-16  el_before_av_one_fifth  avia-builder-el-first  first flex_column_table_cell av-equal-height-column av-align-middle  '     ><\/div><div class='av-flex-placeholder'><\/div>\n<style type=\"text\/css\" data-created_by=\"avia_inline_auto\" id=\"style-css-av-15g0bi-086e1b1ac61687b8d780d2d3c069c485\">\n.flex_column.av-15g0bi-086e1b1ac61687b8d780d2d3c069c485{\nwidth:18.4%;\nmargin-left:0;\n}\n#top .flex_column_table.av-equal-height-column-flextable.av-15g0bi-086e1b1ac61687b8d780d2d3c069c485 .av-flex-placeholder{\nwidth:2%;\n}\n<\/style>\n<div  class='flex_column av-15g0bi-086e1b1ac61687b8d780d2d3c069c485 av_one_fifth  avia-builder-el-17  el_after_av_one_fifth  el_before_av_two_fifth  flex_column_table_cell av-equal-height-column av-align-middle av-animated-generic fade-in  '     ><style type=\"text\/css\" data-created_by=\"avia_inline_auto\" id=\"style-css-av-xdgfy-9e2b214aa565e0f3e37889200e50aeed\">\n.avia-image-container.av-xdgfy-9e2b214aa565e0f3e37889200e50aeed img.avia_image{\nbox-shadow:none;\n}\n.avia-image-container.av-xdgfy-9e2b214aa565e0f3e37889200e50aeed .av-image-caption-overlay-center{\ncolor:#ffffff;\n}\n<\/style>\n<div  class='avia-image-container av-xdgfy-9e2b214aa565e0f3e37889200e50aeed av-styling- avia-align-center  avia-builder-el-18  avia-builder-el-no-sibling '   itemprop=\"image\" itemscope=\"itemscope\" itemtype=\"https:\/\/schema.org\/ImageObject\" ><div class=\"avia-image-container-inner\"><div class=\"avia-image-overlay-wrap\"><img decoding=\"async\" fetchpriority=\"high\" class='wp-image-172 avia-img-lazy-loading-not-172 avia_image ' src=\"https:\/\/choicest.com.br\/wp-content\/uploads\/2026\/03\/Gemini_Generated_Image_9o2k7t9o2k7t9o2k-1030x620.png\" alt='' title='Gemini_Generated_Image_9o2k7t9o2k7t9o2k'  height=\"620\" width=\"1030\"  itemprop=\"thumbnailUrl\" srcset=\"https:\/\/choicest.com.br\/wp-content\/uploads\/2026\/03\/Gemini_Generated_Image_9o2k7t9o2k7t9o2k-1030x620.png 1030w, https:\/\/choicest.com.br\/wp-content\/uploads\/2026\/03\/Gemini_Generated_Image_9o2k7t9o2k7t9o2k-300x181.png 300w, https:\/\/choicest.com.br\/wp-content\/uploads\/2026\/03\/Gemini_Generated_Image_9o2k7t9o2k7t9o2k-768x462.png 768w, https:\/\/choicest.com.br\/wp-content\/uploads\/2026\/03\/Gemini_Generated_Image_9o2k7t9o2k7t9o2k-705x424.png 705w, https:\/\/choicest.com.br\/wp-content\/uploads\/2026\/03\/Gemini_Generated_Image_9o2k7t9o2k7t9o2k.png 1329w\" sizes=\"(max-width: 1030px) 100vw, 1030px\" \/><\/div><\/div><\/div><\/div><div class='av-flex-placeholder'><\/div>\n<style type=\"text\/css\" data-created_by=\"avia_inline_auto\" id=\"style-css-av-tie9q-40678bc5f12120916fbae0d216b4ae23\">\n@keyframes av_boxShadowEffect_av-tie9q-40678bc5f12120916fbae0d216b4ae23-column {\n0%   { box-shadow:  0 0 0 0 #eaeaea; opacity: 1; }\n100% { box-shadow:  0 0 5px 0 #eaeaea; opacity: 1; }\n}\n.flex_column.av-tie9q-40678bc5f12120916fbae0d216b4ae23{\nwidth:38.8%;\nmargin-left:0;\nbox-shadow: 0 0 5px 0 #eaeaea;\nborder-width:2px;\nborder-color:#ededed;\nborder-style:solid;\nborder-radius:20px 20px 20px 20px;\npadding:20px 20px 20px 20px;\n}\n#top .flex_column_table.av-equal-height-column-flextable.av-tie9q-40678bc5f12120916fbae0d216b4ae23 .av-flex-placeholder{\nwidth:2%;\n}\n<\/style>\n<div  class='flex_column av-tie9q-40678bc5f12120916fbae0d216b4ae23 av_two_fifth  avia-builder-el-19  el_after_av_one_fifth  el_before_av_one_fifth  flex_column_table_cell av-equal-height-column av-align-middle av-animated-generic fade-in shadow-not-animated  '     ><p>\n<style type=\"text\/css\" data-created_by=\"avia_inline_auto\" id=\"style-css-av-28ume-f48733f49672dfff2d0f00f3cf7f99e7\">\n#top .av-special-heading.av-28ume-f48733f49672dfff2d0f00f3cf7f99e7{\npadding-bottom:10px;\ncolor:#1f2458;\nfont-size:20px;\n}\nbody .av-special-heading.av-28ume-f48733f49672dfff2d0f00f3cf7f99e7 .av-special-heading-tag .heading-char{\nfont-size:25px;\n}\n#top #wrap_all .av-special-heading.av-28ume-f48733f49672dfff2d0f00f3cf7f99e7 .av-special-heading-tag{\nfont-size:20px;\n}\n.av-special-heading.av-28ume-f48733f49672dfff2d0f00f3cf7f99e7 .special-heading-inner-border{\nborder-color:#1f2458;\n}\n.av-special-heading.av-28ume-f48733f49672dfff2d0f00f3cf7f99e7 .av-subheading{\nfont-size:16px;\ncolor:#1f2458;\n}\n\n@media only screen and (min-width: 480px) and (max-width: 767px){ \n#top #wrap_all .av-special-heading.av-28ume-f48733f49672dfff2d0f00f3cf7f99e7 .av-special-heading-tag{\nfont-size:0.8em;\n}\n}\n\n@media only screen and (max-width: 479px){ \n#top #wrap_all .av-special-heading.av-28ume-f48733f49672dfff2d0f00f3cf7f99e7 .av-special-heading-tag{\nfont-size:0.8em;\n}\n}\n<\/style>\n<div  class='av-special-heading av-28ume-f48733f49672dfff2d0f00f3cf7f99e7 av-special-heading-h3 custom-color-heading blockquote modern-quote  avia-builder-el-20  el_before_av_button  avia-builder-el-first  av-inherit-size'><h3 class='av-special-heading-tag '  itemprop=\"headline\"  ><b><font color=\"#1f2458\">Compare Propostas<\/font><\/b><\/h3><div class='av_custom_color av-subheading av-subheading_below'><p>Voc\u00ea est\u00e1 no controle. Deixe as empresas irem at\u00e9 voc\u00ea. Compare vagas, convites de entrevistas e saiba a faixa salarial antes de conversar com a empresa.<\/p>\n<\/div><div class=\"special-heading-border\"><div class=\"special-heading-inner-border\"><\/div><\/div><\/div><br \/>\n<div  class='avia-button-wrap av-dscye-119572bb9dbfaf6eaf0b186a138aba68-wrap avia_animated_button av-animated-when-visible-95 fade-in-up avia-button-left  avia-builder-el-21  el_after_av_heading  avia-builder-el-last '>\n<style type=\"text\/css\" data-created_by=\"avia_inline_auto\" id=\"style-css-av-dscye-119572bb9dbfaf6eaf0b186a138aba68\">\n#top #wrap_all .avia-button.av-dscye-119572bb9dbfaf6eaf0b186a138aba68{\nfont-size:20px;\nborder-radius:10px 10px 10px 10px;\ntransition:all 0.4s ease-in-out;\n}\n#top #wrap_all.avia-button.av-dscye-119572bb9dbfaf6eaf0b186a138aba68:hover .avia_button_background{\nborder-radius:10px 10px 10px 10px;\n}\n<\/style>\n<a href='http:\/\/wa.me\/5551989016601'  class='avia-button av-dscye-119572bb9dbfaf6eaf0b186a138aba68 av-link-btn avia-icon_select-no avia-size-medium avia-position-left avia-color-theme-color'  target=\"_blank\"  rel=\"noopener noreferrer\"  aria-label=\"Cadastre-se gr\u00e1tis\"><span class='avia_iconbox_title' >Cadastre-se gr\u00e1tis<\/span><\/a><\/div><\/p><\/div><div class='av-flex-placeholder'><\/div>\n<style type=\"text\/css\" data-created_by=\"avia_inline_auto\" id=\"style-css-av-a1ud2-98df576edbf168ae70a6dbb4295fc9a0\">\n.flex_column.av-a1ud2-98df576edbf168ae70a6dbb4295fc9a0{\nwidth:18.4%;\nmargin-left:0;\n}\n#top .flex_column_table.av-equal-height-column-flextable.av-a1ud2-98df576edbf168ae70a6dbb4295fc9a0 .av-flex-placeholder{\nwidth:2%;\n}\n<\/style>\n<div  class='flex_column av-a1ud2-98df576edbf168ae70a6dbb4295fc9a0 av_one_fifth  avia-builder-el-22  el_after_av_two_fifth  avia-builder-el-last  flex_column_table_cell av-equal-height-column av-align-middle  '     ><\/div><\/div><!--close column table wrapper. Autoclose: 1 -->\n<\/div><\/div><\/div><!-- close content main div --><\/div><\/div><div id='after_section_2'  class='main_color av_default_container_wrap container_wrap sidebar_right'  ><div class='container av-section-cont-open' ><div class='template-page content  av-content-small alpha units'><div class='post-entry post-entry-type-page post-entry-166'><div class='entry-content-wrapper clearfix'><\/p>\n","protected":false},"excerpt":{"rendered":"","protected":false},"author":1,"featured_media":0,"parent":0,"menu_order":0,"comment_status":"closed","ping_status":"closed","template":"","meta":{"_joinchat":[],"footnotes":""},"class_list":["post-166","page","type-page","status-publish","hentry"],"_links":{"self":[{"href":"https:\/\/choicest.com.br\/index.php\/wp-json\/wp\/v2\/pages\/166","targetHints":{"allow":["GET"]}}],"collection":[{"href":"https:\/\/choicest.com.br\/index.php\/wp-json\/wp\/v2\/pages"}],"about":[{"href":"https:\/\/choicest.com.br\/index.php\/wp-json\/wp\/v2\/types\/page"}],"author":[{"embeddable":true,"href":"https:\/\/choicest.com.br\/index.php\/wp-json\/wp\/v2\/users\/1"}],"replies":[{"embeddable":true,"href":"https:\/\/choicest.com.br\/index.php\/wp-json\/wp\/v2\/comments?post=166"}],"version-history":[{"count":18,"href":"https:\/\/choicest.com.br\/index.php\/wp-json\/wp\/v2\/pages\/166\/revisions"}],"predecessor-version":[{"id":212,"href":"https:\/\/choicest.com.br\/index.php\/wp-json\/wp\/v2\/pages\/166\/revisions\/212"}],"wp:attachment":[{"href":"https:\/\/choicest.com.br\/index.php\/wp-json\/wp\/v2\/media?parent=166"}],"curies":[{"name":"wp","href":"https:\/\/api.w.org\/{rel}","templated":true}]}}